{"id":2,"date":"2010-01-01T18:08:54","date_gmt":"2010-01-01T17:08:54","guid":{"rendered":"http:\/\/localhost\/homepages\/bewerbung\/blog\/?page_id=2"},"modified":"2010-02-19T10:52:02","modified_gmt":"2010-02-19T09:52:02","slug":"eine-seite","status":"publish","type":"page","link":"https:\/\/www.bewerbung-tipps.com\/blog\/","title":{"rendered":"Gemischte Themen"},"content":{"rendered":"<p>Auf unserer Bewerbungsplattform erhalten Sie Informationen zu den vielf\u00e4ltigsten Themen rund um die erfolgreiche Bewerbung. Nat\u00fcrlich finden auch hier (im Blog) Bewerbungsthemen ihren Platz. Das Blog m\u00f6chten wir jedoch vorwiegend dazu nutzen, um interessante, <strong>bewerbungsunabh\u00e4ngige Themen<\/strong> aus der Job- und Arbeitswelt aufzugreifen.<\/p>\n<p>Aus Gr\u00fcnden der \u00dcbersichtlichkeit sind die verschiedenen Themen in Kategorien eingeordnet. W\u00e4hlen Sie daher einfach nachfolgend, die f\u00fcr Sie interessante Kategorie. Wir w\u00fcnschen Ihnen viel Freude beim Lesen.<\/p>\n<p>Unser Bewerbungsblog wird regelm\u00e4\u00dfig aktualisiert und erweitert. <strong>H\u00e4ufiges Reinschauen lohnt sich!<\/strong><\/p>\n","protected":false},"excerpt":{"rendered":"<p>Auf unserer Bewerbungsplattform erhalten Sie Informationen zu den vielf\u00e4ltigsten Themen rund um die erfolgreiche Bewerbung. Nat\u00fcrlich finden auch hier (im Blog) Bewerbungsthemen ihren Platz. Das Blog m\u00f6chten wir jedoch vorwiegend dazu nutzen, um interessante, bewerbungsunabh\u00e4ngige Themen aus der Job- und Arbeitswelt aufzugreifen. Aus Gr\u00fcnden der \u00dcbersichtlichkeit sind die verschiedenen Themen in Kategorien eingeordnet. W\u00e4hlen Sie [&hellip;]<\/p>\n","protected":false},"author":1,"featured_media":0,"parent":0,"menu_order":0,"comment_status":"closed","ping_status":"closed","template":"homepage.php","meta":[],"_links":{"self":[{"href":"https:\/\/www.bewerbung-tipps.com\/blog\/wp-json\/wp\/v2\/pages\/2"}],"collection":[{"href":"https:\/\/www.bewerbung-tipps.com\/blog\/wp-json\/wp\/v2\/pages"}],"about":[{"href":"https:\/\/www.bewerbung-tipps.com\/blog\/wp-json\/wp\/v2\/types\/page"}],"author":[{"embeddable":true,"href":"https:\/\/www.bewerbung-tipps.com\/blog\/wp-json\/wp\/v2\/users\/1"}],"replies":[{"embeddable":true,"href":"https:\/\/www.bewerbung-tipps.com\/blog\/wp-json\/wp\/v2\/comments?post=2"}],"version-history":[{"count":17,"href":"https:\/\/www.bewerbung-tipps.com\/blog\/wp-json\/wp\/v2\/pages\/2\/revisions"}],"predecessor-version":[{"id":42,"href":"https:\/\/www.bewerbung-tipps.com\/blog\/wp-json\/wp\/v2\/pages\/2\/revisions\/42"}],"wp:attachment":[{"href":"https:\/\/www.bewerbung-tipps.com\/blog\/wp-json\/wp\/v2\/media?parent=2"}],"curies":[{"name":"wp","href":"https:\/\/api.w.org\/{rel}","templated":true}]}}